{"id":118,"date":"2022-09-11T15:34:43","date_gmt":"2022-09-11T13:34:43","guid":{"rendered":"http:\/\/mernissi.fr\/?page_id=118"},"modified":"2022-09-11T15:34:43","modified_gmt":"2022-09-11T13:34:43","slug":"24-a-28-avenue-du-consul-general-de-nordling-3-rue-antoine-de-saint-exupery-93190-livry-gargan","status":"publish","type":"page","link":"https:\/\/mernissi.fr\/?page_id=118","title":{"rendered":"24 \u00e0 28, Avenue du consul g\u00e9n\u00e9ral de Nordling  &#8211; 3 rue Antoine de Saint-Exup\u00e9ry 93190 Livry-Gargan"},"content":{"rendered":"\n<figure class=\"wp-block-gallery has-nested-images columns-default is-cropped wp-block-gallery-1 is-layout-flex wp-block-gallery-is-layout-flex\">\n<figure class=\"wp-block-image size-large\"><img loading=\"lazy\" decoding=\"async\" width=\"1024\" height=\"664\" data-id=\"119\" src=\"http:\/\/mernissi.fr\/wp-content\/uploads\/2022\/09\/Visuel_LivryGargan_Angle03-1024x664.jpg\" alt=\"\" class=\"wp-image-119\" srcset=\"https:\/\/mernissi.fr\/wp-content\/uploads\/2022\/09\/Visuel_LivryGargan_Angle03-1024x664.jpg 1024w, https:\/\/mernissi.fr\/wp-content\/uploads\/2022\/09\/Visuel_LivryGargan_Angle03-300x194.jpg 300w, https:\/\/mernissi.fr\/wp-content\/uploads\/2022\/09\/Visuel_LivryGargan_Angle03-768x498.jpg 768w, https:\/\/mernissi.fr\/wp-content\/uploads\/2022\/09\/Visuel_LivryGargan_Angle03-1536x995.jpg 1536w, https:\/\/mernissi.fr\/wp-content\/uploads\/2022\/09\/Visuel_LivryGargan_Angle03-2048x1327.jpg 2048w\" sizes=\"auto, (max-width: 1024px) 100vw, 1024px\" \/><\/figure>\n<\/figure>\n\n\n\n<figure class=\"wp-block-gallery has-nested-images columns-default is-cropped wp-block-gallery-2 is-layout-flex wp-block-gallery-is-layout-flex\">\n<figure class=\"wp-block-image size-large\"><img loading=\"lazy\" decoding=\"async\" width=\"1024\" height=\"768\" data-id=\"120\" src=\"http:\/\/mernissi.fr\/wp-content\/uploads\/2022\/09\/Visuel_LivryGargan_RueReelle02-1024x768.jpg\" alt=\"\" class=\"wp-image-120\" srcset=\"https:\/\/mernissi.fr\/wp-content\/uploads\/2022\/09\/Visuel_LivryGargan_RueReelle02-1024x768.jpg 1024w, https:\/\/mernissi.fr\/wp-content\/uploads\/2022\/09\/Visuel_LivryGargan_RueReelle02-300x225.jpg 300w, https:\/\/mernissi.fr\/wp-content\/uploads\/2022\/09\/Visuel_LivryGargan_RueReelle02-768x576.jpg 768w, https:\/\/mernissi.fr\/wp-content\/uploads\/2022\/09\/Visuel_LivryGargan_RueReelle02-1536x1152.jpg 1536w, https:\/\/mernissi.fr\/wp-content\/uploads\/2022\/09\/Visuel_LivryGargan_RueReelle02-2048x1536.jpg 2048w\" sizes=\"auto, (max-width: 1024px) 100vw, 1024px\" \/><\/figure>\n<\/figure>\n\n\n\n<figure class=\"wp-block-gallery has-nested-images columns-default is-cropped wp-block-gallery-3 is-layout-flex wp-block-gallery-is-layout-flex\">\n<figure class=\"wp-block-image size-large\"><img loading=\"lazy\" decoding=\"async\" width=\"1024\" height=\"768\" data-id=\"121\" src=\"http:\/\/mernissi.fr\/wp-content\/uploads\/2022\/09\/Visuel_LivryGargan_Jardin02-1024x768.jpg\" alt=\"\" class=\"wp-image-121\" srcset=\"https:\/\/mernissi.fr\/wp-content\/uploads\/2022\/09\/Visuel_LivryGargan_Jardin02-1024x768.jpg 1024w, https:\/\/mernissi.fr\/wp-content\/uploads\/2022\/09\/Visuel_LivryGargan_Jardin02-300x225.jpg 300w, https:\/\/mernissi.fr\/wp-content\/uploads\/2022\/09\/Visuel_LivryGargan_Jardin02-768x576.jpg 768w, https:\/\/mernissi.fr\/wp-content\/uploads\/2022\/09\/Visuel_LivryGargan_Jardin02-1536x1152.jpg 1536w, https:\/\/mernissi.fr\/wp-content\/uploads\/2022\/09\/Visuel_LivryGargan_Jardin02-2048x1536.jpg 2048w\" sizes=\"auto, (max-width: 1024px) 100vw, 1024px\" \/><\/figure>\n<\/figure>\n","protected":false},"excerpt":{"rendered":"","protected":false},"author":1,"featured_media":0,"parent":0,"menu_order":0,"comment_status":"closed","ping_status":"closed","template":"","meta":{"footnotes":""},"class_list":["post-118","page","type-page","status-publish","hentry"],"_links":{"self":[{"href":"https:\/\/mernissi.fr\/index.php?rest_route=\/wp\/v2\/pages\/118","targetHints":{"allow":["GET"]}}],"collection":[{"href":"https:\/\/mernissi.fr\/index.php?rest_route=\/wp\/v2\/pages"}],"about":[{"href":"https:\/\/mernissi.fr\/index.php?rest_route=\/wp\/v2\/types\/page"}],"author":[{"embeddable":true,"href":"https:\/\/mernissi.fr\/index.php?rest_route=\/wp\/v2\/users\/1"}],"replies":[{"embeddable":true,"href":"https:\/\/mernissi.fr\/index.php?rest_route=%2Fwp%2Fv2%2Fcomments&post=118"}],"version-history":[{"count":1,"href":"https:\/\/mernissi.fr\/index.php?rest_route=\/wp\/v2\/pages\/118\/revisions"}],"predecessor-version":[{"id":122,"href":"https:\/\/mernissi.fr\/index.php?rest_route=\/wp\/v2\/pages\/118\/revisions\/122"}],"wp:attachment":[{"href":"https:\/\/mernissi.fr\/index.php?rest_route=%2Fwp%2Fv2%2Fmedia&parent=118"}],"curies":[{"name":"wp","href":"https:\/\/api.w.org\/{rel}","templated":true}]}}